{"id":624,"date":"2020-09-13T12:51:10","date_gmt":"2020-09-13T15:51:10","guid":{"rendered":"https:\/\/areahp.com.br\/cursos\/?page_id=624"},"modified":"2021-07-19T11:37:42","modified_gmt":"2021-07-19T14:37:42","slug":"home","status":"publish","type":"page","link":"https:\/\/areahp.com.br\/cursos\/","title":{"rendered":""},"content":{"rendered":"\t\t<div data-elementor-type=\"wp-page\" data-elementor-id=\"624\" class=\"elementor elementor-624\">\n\t\t\t\t\t\t<section class=\"elementor-section elementor-top-section elementor-element elementor-element-bd7cd4b elementor-section-boxed elementor-section-height-default elementor-section-height-default\" data-id=\"bd7cd4b\" data-element_type=\"section\">\n\t\t\t\t\t\t<div class=\"elementor-container elementor-column-gap-default\">\n\t\t\t\t\t<div class=\"elementor-column elementor-col-100 elementor-top-column elementor-element elementor-element-3a8ae26\" data-id=\"3a8ae26\" data-element_type=\"column\">\n\t\t\t<div class=\"elementor-widget-wrap elementor-element-populated\">\n\t\t\t\t\t\t<div class=\"elementor-element elementor-element-8ea94c1 elementor-widget elementor-widget-heading\" data-id=\"8ea94c1\" data-element_type=\"widget\" data-widget_type=\"heading.default\">\n\t\t\t\t<div class=\"elementor-widget-container\">\n\t\t\t\t\t<h2 class=\"elementor-heading-title elementor-size-default\">Nossos cursos<\/h2>\t\t\t\t<\/div>\n\t\t\t\t<\/div>\n\t\t\t\t\t<\/div>\n\t\t<\/div>\n\t\t\t\t\t<\/div>\n\t\t<\/section>\n\t\t\t\t<section class=\"elementor-section elementor-top-section elementor-element elementor-element-915b955 elementor-section-boxed elementor-section-height-default elementor-section-height-default\" data-id=\"915b955\" data-element_type=\"section\">\n\t\t\t\t\t\t<div class=\"elementor-container elementor-column-gap-default\">\n\t\t\t\t\t<div class=\"elementor-column elementor-col-33 elementor-top-column elementor-element elementor-element-02626ab\" data-id=\"02626ab\" data-element_type=\"column\">\n\t\t\t<div class=\"elementor-widget-wrap elementor-element-populated\">\n\t\t\t\t\t\t<div class=\"elementor-element elementor-element-2ce888f elementor-widget elementor-widget-image\" data-id=\"2ce888f\" data-element_type=\"widget\" data-widget_type=\"image.default\">\n\t\t\t\t<div class=\"elementor-widget-container\">\n\t\t\t\t\t\t\t\t\t\t\t\t\t\t\t\t<a href=\"https:\/\/areahp.com.br\/cursos\/produto\/video-curso-hp-50g\/\">\n\t\t\t\t\t\t\t<img fetchpriority=\"high\" decoding=\"async\" width=\"330\" height=\"222\" src=\"https:\/\/areahp.com.br\/cursos\/wp-content\/uploads\/2020\/09\/hp50g_bordaLaranja-e1626702056667.png\" class=\"attachment-large size-large wp-image-635\" alt=\"\" \/>\t\t\t\t\t\t\t\t<\/a>\n\t\t\t\t\t\t\t\t\t\t\t\t\t\t\t<\/div>\n\t\t\t\t<\/div>\n\t\t\t\t<div class=\"elementor-element elementor-element-e9c5b2a elementor-widget elementor-widget-heading\" data-id=\"e9c5b2a\" data-element_type=\"widget\" data-widget_type=\"heading.default\">\n\t\t\t\t<div class=\"elementor-widget-container\">\n\t\t\t\t\t<h3 class=\"elementor-heading-title elementor-size-default\">V\u00eddeo Curso HP 50g<\/h3>\t\t\t\t<\/div>\n\t\t\t\t<\/div>\n\t\t\t\t<div class=\"elementor-element elementor-element-a1fe695 elementor-widget elementor-widget-heading\" data-id=\"a1fe695\" data-element_type=\"widget\" data-widget_type=\"heading.default\">\n\t\t\t\t<div class=\"elementor-widget-container\">\n\t\t\t\t\t<h6 class=\"elementor-heading-title elementor-size-default\">Aprenda a realmente usar sua HP.<\/h6>\t\t\t\t<\/div>\n\t\t\t\t<\/div>\n\t\t\t\t\t<\/div>\n\t\t<\/div>\n\t\t\t\t<div class=\"elementor-column elementor-col-33 elementor-top-column elementor-element elementor-element-ceb1279\" data-id=\"ceb1279\" data-element_type=\"column\">\n\t\t\t<div class=\"elementor-widget-wrap elementor-element-populated\">\n\t\t\t\t\t\t<div class=\"elementor-element elementor-element-5ddcfda elementor-widget elementor-widget-image\" data-id=\"5ddcfda\" data-element_type=\"widget\" data-widget_type=\"image.default\">\n\t\t\t\t<div class=\"elementor-widget-container\">\n\t\t\t\t\t\t\t\t\t\t\t\t\t\t\t\t<a href=\"https:\/\/areahp.com.br\/cursos\/turma-lotada-curso-calculo-avancado-na-hp50g\/\">\n\t\t\t\t\t\t\t<img decoding=\"async\" width=\"660\" height=\"443\" src=\"https:\/\/areahp.com.br\/cursos\/wp-content\/uploads\/2020\/09\/hp50g_avancado_bordaLaranja.png\" class=\"attachment-large size-large wp-image-637\" alt=\"\" srcset=\"https:\/\/areahp.com.br\/cursos\/wp-content\/uploads\/2020\/09\/hp50g_avancado_bordaLaranja.png 660w, https:\/\/areahp.com.br\/cursos\/wp-content\/uploads\/2020\/09\/hp50g_avancado_bordaLaranja-300x201.png 300w, https:\/\/areahp.com.br\/cursos\/wp-content\/uploads\/2020\/09\/hp50g_avancado_bordaLaranja-600x403.png 600w\" sizes=\"(max-width: 660px) 100vw, 660px\" \/>\t\t\t\t\t\t\t\t<\/a>\n\t\t\t\t\t\t\t\t\t\t\t\t\t\t\t<\/div>\n\t\t\t\t<\/div>\n\t\t\t\t<div class=\"elementor-element elementor-element-8f39e3d elementor-widget elementor-widget-heading\" data-id=\"8f39e3d\" data-element_type=\"widget\" data-widget_type=\"heading.default\">\n\t\t\t\t<div class=\"elementor-widget-container\">\n\t\t\t\t\t<h3 class=\"elementor-heading-title elementor-size-default\">V\u00eddeo Curso C\u00e1lculo avan\u00e7ado na HP<\/h3>\t\t\t\t<\/div>\n\t\t\t\t<\/div>\n\t\t\t\t<div class=\"elementor-element elementor-element-394cffb elementor-widget elementor-widget-heading\" data-id=\"394cffb\" data-element_type=\"widget\" data-widget_type=\"heading.default\">\n\t\t\t\t<div class=\"elementor-widget-container\">\n\t\t\t\t\t<h6 class=\"elementor-heading-title elementor-size-default\">Dificuldades em c\u00e1lculos avan\u00e7ados?<\/h6>\t\t\t\t<\/div>\n\t\t\t\t<\/div>\n\t\t\t\t\t<\/div>\n\t\t<\/div>\n\t\t\t\t<div class=\"elementor-column elementor-col-33 elementor-top-column elementor-element elementor-element-91c45e1\" data-id=\"91c45e1\" data-element_type=\"column\">\n\t\t\t<div class=\"elementor-widget-wrap elementor-element-populated\">\n\t\t\t\t\t\t<div class=\"elementor-element elementor-element-e410e83 elementor-widget elementor-widget-image\" data-id=\"e410e83\" data-element_type=\"widget\" data-widget_type=\"image.default\">\n\t\t\t\t<div class=\"elementor-widget-container\">\n\t\t\t\t\t\t\t\t\t\t\t\t\t\t\t\t<a href=\"https:\/\/areahp.com.br\/cursos\/produto\/jornada-do-excel-interativo-curso-2021\/\">\n\t\t\t\t\t\t\t<img decoding=\"async\" width=\"660\" height=\"443\" src=\"https:\/\/areahp.com.br\/cursos\/wp-content\/uploads\/2020\/09\/excel_dashboard.png\" class=\"attachment-large size-large wp-image-641\" alt=\"\" srcset=\"https:\/\/areahp.com.br\/cursos\/wp-content\/uploads\/2020\/09\/excel_dashboard.png 660w, https:\/\/areahp.com.br\/cursos\/wp-content\/uploads\/2020\/09\/excel_dashboard-300x201.png 300w, https:\/\/areahp.com.br\/cursos\/wp-content\/uploads\/2020\/09\/excel_dashboard-600x403.png 600w\" sizes=\"(max-width: 660px) 100vw, 660px\" \/>\t\t\t\t\t\t\t\t<\/a>\n\t\t\t\t\t\t\t\t\t\t\t\t\t\t\t<\/div>\n\t\t\t\t<\/div>\n\t\t\t\t<div class=\"elementor-element elementor-element-7e5c54e elementor-widget elementor-widget-heading\" data-id=\"7e5c54e\" data-element_type=\"widget\" data-widget_type=\"heading.default\">\n\t\t\t\t<div class=\"elementor-widget-container\">\n\t\t\t\t\t<h2 class=\"elementor-heading-title elementor-size-default\">Excel<\/h2>\t\t\t\t<\/div>\n\t\t\t\t<\/div>\n\t\t\t\t<div class=\"elementor-element elementor-element-6cc9326 elementor-widget elementor-widget-heading\" data-id=\"6cc9326\" data-element_type=\"widget\" data-widget_type=\"heading.default\">\n\t\t\t\t<div class=\"elementor-widget-container\">\n\t\t\t\t\t<h6 class=\"elementor-heading-title elementor-size-default\">Aprenda realmente a usar o poder do Excel<\/h6>\t\t\t\t<\/div>\n\t\t\t\t<\/div>\n\t\t\t\t\t<\/div>\n\t\t<\/div>\n\t\t\t\t\t<\/div>\n\t\t<\/section>\n\t\t\t\t<section class=\"elementor-section elementor-top-section elementor-element elementor-element-eefa7ec elementor-section-boxed elementor-section-height-default elementor-section-height-default\" data-id=\"eefa7ec\" data-element_type=\"section\">\n\t\t\t\t\t\t<div class=\"elementor-container elementor-column-gap-default\">\n\t\t\t\t\t<div class=\"elementor-column elementor-col-33 elementor-top-column elementor-element elementor-element-2b75f19\" data-id=\"2b75f19\" data-element_type=\"column\">\n\t\t\t<div class=\"elementor-widget-wrap elementor-element-populated\">\n\t\t\t\t\t\t<div class=\"elementor-element elementor-element-1ac6d21 elementor-widget elementor-widget-image\" data-id=\"1ac6d21\" data-element_type=\"widget\" data-widget_type=\"image.default\">\n\t\t\t\t<div class=\"elementor-widget-container\">\n\t\t\t\t\t\t\t\t\t\t\t\t\t\t\t\t<a href=\"https:\/\/areahp.com.br\/cursos\/turma-lotada-video-curso-hp12c\/\">\n\t\t\t\t\t\t\t<img loading=\"lazy\" decoding=\"async\" width=\"660\" height=\"443\" src=\"https:\/\/areahp.com.br\/cursos\/wp-content\/uploads\/2020\/09\/hp12c.png\" class=\"attachment-large size-large wp-image-644\" alt=\"\" srcset=\"https:\/\/areahp.com.br\/cursos\/wp-content\/uploads\/2020\/09\/hp12c.png 660w, https:\/\/areahp.com.br\/cursos\/wp-content\/uploads\/2020\/09\/hp12c-300x201.png 300w, https:\/\/areahp.com.br\/cursos\/wp-content\/uploads\/2020\/09\/hp12c-600x403.png 600w\" sizes=\"(max-width: 660px) 100vw, 660px\" \/>\t\t\t\t\t\t\t\t<\/a>\n\t\t\t\t\t\t\t\t\t\t\t\t\t\t\t<\/div>\n\t\t\t\t<\/div>\n\t\t\t\t<div class=\"elementor-element elementor-element-e6154fe elementor-widget elementor-widget-heading\" data-id=\"e6154fe\" data-element_type=\"widget\" data-widget_type=\"heading.default\">\n\t\t\t\t<div class=\"elementor-widget-container\">\n\t\t\t\t\t<h3 class=\"elementor-heading-title elementor-size-default\">HP 12C<\/h3>\t\t\t\t<\/div>\n\t\t\t\t<\/div>\n\t\t\t\t<div class=\"elementor-element elementor-element-8600f0c elementor-widget elementor-widget-heading\" data-id=\"8600f0c\" data-element_type=\"widget\" data-widget_type=\"heading.default\">\n\t\t\t\t<div class=\"elementor-widget-container\">\n\t\t\t\t\t<h6 class=\"elementor-heading-title elementor-size-default\">Aprenda os conceitos para utilizar sua HP12c financeira<\/h6>\t\t\t\t<\/div>\n\t\t\t\t<\/div>\n\t\t\t\t\t<\/div>\n\t\t<\/div>\n\t\t\t\t<div class=\"elementor-column elementor-col-33 elementor-top-column elementor-element elementor-element-361fe3e\" data-id=\"361fe3e\" data-element_type=\"column\">\n\t\t\t<div class=\"elementor-widget-wrap elementor-element-populated\">\n\t\t\t\t\t\t<div class=\"elementor-element elementor-element-794cd23 elementor-widget elementor-widget-image\" data-id=\"794cd23\" data-element_type=\"widget\" data-widget_type=\"image.default\">\n\t\t\t\t<div class=\"elementor-widget-container\">\n\t\t\t\t\t\t\t\t\t\t\t\t\t\t\t\t<a href=\"https:\/\/areahp.com.br\/cursos\/turma-lotada-programacao-php-para-web\/\">\n\t\t\t\t\t\t\t<img loading=\"lazy\" decoding=\"async\" width=\"660\" height=\"443\" src=\"https:\/\/areahp.com.br\/cursos\/wp-content\/uploads\/2020\/09\/php.png\" class=\"attachment-large size-large wp-image-645\" alt=\"\" srcset=\"https:\/\/areahp.com.br\/cursos\/wp-content\/uploads\/2020\/09\/php.png 660w, https:\/\/areahp.com.br\/cursos\/wp-content\/uploads\/2020\/09\/php-300x201.png 300w, https:\/\/areahp.com.br\/cursos\/wp-content\/uploads\/2020\/09\/php-600x403.png 600w\" sizes=\"(max-width: 660px) 100vw, 660px\" \/>\t\t\t\t\t\t\t\t<\/a>\n\t\t\t\t\t\t\t\t\t\t\t\t\t\t\t<\/div>\n\t\t\t\t<\/div>\n\t\t\t\t<div class=\"elementor-element elementor-element-f893612 elementor-widget elementor-widget-heading\" data-id=\"f893612\" data-element_type=\"widget\" data-widget_type=\"heading.default\">\n\t\t\t\t<div class=\"elementor-widget-container\">\n\t\t\t\t\t<h3 class=\"elementor-heading-title elementor-size-default\">Programa\u00e7\u00e3o PHP para WEB<\/h3>\t\t\t\t<\/div>\n\t\t\t\t<\/div>\n\t\t\t\t<div class=\"elementor-element elementor-element-1739282 elementor-widget elementor-widget-heading\" data-id=\"1739282\" data-element_type=\"widget\" data-widget_type=\"heading.default\">\n\t\t\t\t<div class=\"elementor-widget-container\">\n\t\t\t\t\t<h6 class=\"elementor-heading-title elementor-size-default\">Curso b\u00e1sico de PHP<\/h6>\t\t\t\t<\/div>\n\t\t\t\t<\/div>\n\t\t\t\t\t<\/div>\n\t\t<\/div>\n\t\t\t\t<div class=\"elementor-column elementor-col-33 elementor-top-column elementor-element elementor-element-086a322\" data-id=\"086a322\" data-element_type=\"column\">\n\t\t\t<div class=\"elementor-widget-wrap elementor-element-populated\">\n\t\t\t\t\t\t<div class=\"elementor-element elementor-element-13e94ce elementor-widget elementor-widget-image\" data-id=\"13e94ce\" data-element_type=\"widget\" data-widget_type=\"image.default\">\n\t\t\t\t<div class=\"elementor-widget-container\">\n\t\t\t\t\t\t\t\t\t\t\t\t\t\t\t\t<a href=\"https:\/\/areahp.com.br\/cursos\/turma-lotada-curso-desenho-em-3d-sketchup\/\">\n\t\t\t\t\t\t\t<img loading=\"lazy\" decoding=\"async\" width=\"660\" height=\"443\" src=\"https:\/\/areahp.com.br\/cursos\/wp-content\/uploads\/2020\/09\/sketchp.png\" class=\"attachment-large size-large wp-image-646\" alt=\"\" srcset=\"https:\/\/areahp.com.br\/cursos\/wp-content\/uploads\/2020\/09\/sketchp.png 660w, https:\/\/areahp.com.br\/cursos\/wp-content\/uploads\/2020\/09\/sketchp-300x201.png 300w, https:\/\/areahp.com.br\/cursos\/wp-content\/uploads\/2020\/09\/sketchp-600x403.png 600w\" sizes=\"(max-width: 660px) 100vw, 660px\" \/>\t\t\t\t\t\t\t\t<\/a>\n\t\t\t\t\t\t\t\t\t\t\t\t\t\t\t<\/div>\n\t\t\t\t<\/div>\n\t\t\t\t<div class=\"elementor-element elementor-element-c8972fb elementor-widget elementor-widget-heading\" data-id=\"c8972fb\" data-element_type=\"widget\" data-widget_type=\"heading.default\">\n\t\t\t\t<div class=\"elementor-widget-container\">\n\t\t\t\t\t<h3 class=\"elementor-heading-title elementor-size-default\">Desenho em 3D com Sketchup<\/h3>\t\t\t\t<\/div>\n\t\t\t\t<\/div>\n\t\t\t\t<div class=\"elementor-element elementor-element-b56b59e elementor-widget elementor-widget-heading\" data-id=\"b56b59e\" data-element_type=\"widget\" data-widget_type=\"heading.default\">\n\t\t\t\t<div class=\"elementor-widget-container\">\n\t\t\t\t\t<h6 class=\"elementor-heading-title elementor-size-default\">Desenvolva sua habilidade para plantas 3D. <\/h6>\t\t\t\t<\/div>\n\t\t\t\t<\/div>\n\t\t\t\t\t<\/div>\n\t\t<\/div>\n\t\t\t\t\t<\/div>\n\t\t<\/section>\n\t\t\t\t<\/div>\n\t\t","protected":false},"excerpt":{"rendered":"<p>Nossos cursos V\u00eddeo Curso HP 50g Aprenda a realmente usar sua HP. V\u00eddeo Curso C\u00e1lculo avan\u00e7ado na HP Dificuldades em c\u00e1lculos avan\u00e7ados? Excel Aprenda realmente a usar o poder do Excel HP 12C Aprenda os conceitos para utilizar sua HP12c financeira Programa\u00e7\u00e3o PHP para WEB Curso b\u00e1sico de PHP Desenho em 3D com Sketchup Desenvolva [&hellip;]<\/p>\n","protected":false},"author":1,"featured_media":0,"parent":0,"menu_order":0,"comment_status":"closed","ping_status":"closed","template":"","meta":{"ocean_post_layout":"","ocean_both_sidebars_style":"","ocean_both_sidebars_content_width":0,"ocean_both_sidebars_sidebars_width":0,"ocean_sidebar":"0","ocean_second_sidebar":"0","ocean_disable_margins":"enable","ocean_add_body_class":"","ocean_shortcode_before_top_bar":"","ocean_shortcode_after_top_bar":"","ocean_shortcode_before_header":"","ocean_shortcode_after_header":"","ocean_has_shortcode":"","ocean_shortcode_after_title":"","ocean_shortcode_before_footer_widgets":"","ocean_shortcode_after_footer_widgets":"","ocean_shortcode_before_footer_bottom":"","ocean_shortcode_after_footer_bottom":"","ocean_display_top_bar":"default","ocean_display_header":"default","ocean_header_style":"","ocean_center_header_left_menu":"0","ocean_custom_header_template":"0","ocean_custom_logo":0,"ocean_custom_retina_logo":0,"ocean_custom_logo_max_width":0,"ocean_custom_logo_tablet_max_width":0,"ocean_custom_logo_mobile_max_width":0,"ocean_custom_logo_max_height":0,"ocean_custom_logo_tablet_max_height":0,"ocean_custom_logo_mobile_max_height":0,"ocean_header_custom_menu":"0","ocean_menu_typo_font_family":"0","ocean_menu_typo_font_subset":"","ocean_menu_typo_font_size":0,"ocean_menu_typo_font_size_tablet":0,"ocean_menu_typo_font_size_mobile":0,"ocean_menu_typo_font_size_unit":"px","ocean_menu_typo_font_weight":"","ocean_menu_typo_font_weight_tablet":"","ocean_menu_typo_font_weight_mobile":"","ocean_menu_typo_transform":"","ocean_menu_typo_transform_tablet":"","ocean_menu_typo_transform_mobile":"","ocean_menu_typo_line_height":0,"ocean_menu_typo_line_height_tablet":0,"ocean_menu_typo_line_height_mobile":0,"ocean_menu_typo_line_height_unit":"","ocean_menu_typo_spacing":0,"ocean_menu_typo_spacing_tablet":0,"ocean_menu_typo_spacing_mobile":0,"ocean_menu_typo_spacing_unit":"","ocean_menu_link_color":"","ocean_menu_link_color_hover":"","ocean_menu_link_color_active":"","ocean_menu_link_background":"","ocean_menu_link_hover_background":"","ocean_menu_link_active_background":"","ocean_menu_social_links_bg":"","ocean_menu_social_hover_links_bg":"","ocean_menu_social_links_color":"","ocean_menu_social_hover_links_color":"","ocean_disable_title":"default","ocean_disable_heading":"default","ocean_post_title":"","ocean_post_subheading":"","ocean_post_title_style":"","ocean_post_title_background_color":"","ocean_post_title_background":0,"ocean_post_title_bg_image_position":"","ocean_post_title_bg_image_attachment":"","ocean_post_title_bg_image_repeat":"","ocean_post_title_bg_image_size":"","ocean_post_title_height":0,"ocean_post_title_bg_overlay":0.5,"ocean_post_title_bg_overlay_color":"","ocean_disable_breadcrumbs":"default","ocean_breadcrumbs_color":"","ocean_breadcrumbs_separator_color":"","ocean_breadcrumbs_links_color":"","ocean_breadcrumbs_links_hover_color":"","ocean_display_footer_widgets":"default","ocean_display_footer_bottom":"default","ocean_custom_footer_template":"0","footnotes":""},"class_list":["post-624","page","type-page","status-publish","hentry","entry","owp-thumbs-layout-horizontal","owp-btn-normal","owp-tabs-layout-horizontal","has-no-thumbnails","has-product-nav"],"jetpack_sharing_enabled":true,"_links":{"self":[{"href":"https:\/\/areahp.com.br\/cursos\/wp-json\/wp\/v2\/pages\/624","targetHints":{"allow":["GET"]}}],"collection":[{"href":"https:\/\/areahp.com.br\/cursos\/wp-json\/wp\/v2\/pages"}],"about":[{"href":"https:\/\/areahp.com.br\/cursos\/wp-json\/wp\/v2\/types\/page"}],"author":[{"embeddable":true,"href":"https:\/\/areahp.com.br\/cursos\/wp-json\/wp\/v2\/users\/1"}],"replies":[{"embeddable":true,"href":"https:\/\/areahp.com.br\/cursos\/wp-json\/wp\/v2\/comments?post=624"}],"version-history":[{"count":38,"href":"https:\/\/areahp.com.br\/cursos\/wp-json\/wp\/v2\/pages\/624\/revisions"}],"predecessor-version":[{"id":2850,"href":"https:\/\/areahp.com.br\/cursos\/wp-json\/wp\/v2\/pages\/624\/revisions\/2850"}],"wp:attachment":[{"href":"https:\/\/areahp.com.br\/cursos\/wp-json\/wp\/v2\/media?parent=624"}],"curies":[{"name":"wp","href":"https:\/\/api.w.org\/{rel}","templated":true}]}}