{"id":933,"date":"2020-10-06T17:11:51","date_gmt":"2020-10-06T20:11:51","guid":{"rendered":"https:\/\/areahp.com.br\/cursos\/?page_id=933"},"modified":"2020-10-06T17:16:24","modified_gmt":"2020-10-06T20:16:24","slug":"termos-de-uso","status":"publish","type":"page","link":"https:\/\/areahp.com.br\/cursos\/termos-de-uso\/","title":{"rendered":"Termos de Uso"},"content":{"rendered":"\t\t<div data-elementor-type=\"wp-page\" data-elementor-id=\"933\" class=\"elementor elementor-933\">\n\t\t\t\t\t\t<section class=\"elementor-section elementor-top-section elementor-element elementor-element-62e4e6c elementor-section-boxed elementor-section-height-default elementor-section-height-default\" data-id=\"62e4e6c\" data-element_type=\"section\">\n\t\t\t\t\t\t<div class=\"elementor-container elementor-column-gap-default\">\n\t\t\t\t\t<div class=\"elementor-column elementor-col-100 elementor-top-column elementor-element elementor-element-bc3c537\" data-id=\"bc3c537\" data-element_type=\"column\">\n\t\t\t<div class=\"elementor-widget-wrap\">\n\t\t\t\t\t\t\t<\/div>\n\t\t<\/div>\n\t\t\t\t\t<\/div>\n\t\t<\/section>\n\t\t\t\t<section class=\"elementor-section elementor-top-section elementor-element elementor-element-bbe33a1 elementor-section-boxed elementor-section-height-default elementor-section-height-default\" data-id=\"bbe33a1\" data-element_type=\"section\">\n\t\t\t\t\t\t<div class=\"elementor-container elementor-column-gap-default\">\n\t\t\t\t\t<div class=\"elementor-column elementor-col-16 elementor-top-column elementor-element elementor-element-396fe1b\" data-id=\"396fe1b\" data-element_type=\"column\">\n\t\t\t<div class=\"elementor-widget-wrap\">\n\t\t\t\t\t\t\t<\/div>\n\t\t<\/div>\n\t\t\t\t<div class=\"elementor-column elementor-col-66 elementor-top-column elementor-element elementor-element-e299cac\" data-id=\"e299cac\" data-element_type=\"column\">\n\t\t\t<div class=\"elementor-widget-wrap elementor-element-populated\">\n\t\t\t\t\t\t<div class=\"elementor-element elementor-element-e98baa3 elementor-widget elementor-widget-text-editor\" data-id=\"e98baa3\" data-element_type=\"widget\" data-widget_type=\"text-editor.default\">\n\t\t\t\t<div class=\"elementor-widget-container\">\n\t\t\t\t\t\t\t\t\t<p style=\"cursor: text;\">Estes termos de servi\u00e7o regulam o uso deste site. Ao acess\u00e1-lo voc\u00ea concorda com estes termos. Por favor, consulte regularmente os nossos termos de servi\u00e7o.<\/p><p><strong>Acesso ao site<\/strong><\/p><p>Para acessar o conte\u00fado deste site poder ser solicitado ao usu\u00e1rio algumas informa\u00e7\u00f5es pessoais como nome, e-mail e outros. Se acharmos que as informa\u00e7\u00f5es n\u00e3o s\u00e3o corretas ou verdadeiras, temos o direito de recusar e\/ou cancelar o acesso a qualquer tempo, sem notifica\u00e7\u00e3o pr\u00e9via.<\/p><p><strong>Restri\u00e7\u00f5es ao uso<\/strong><\/p><p>Voc\u00ea s\u00f3 poder\u00e1 usar este site para prop\u00f3sitos permitidos por n\u00f3s. Voc\u00ea n\u00e3o poder\u00e1 us\u00e1-lo em qualquer outro objetivo, especialmente comercial, sem o nosso consentimento pr\u00e9vio. N\u00e3o associe nossas marcas a nenhuma outra. N\u00e3o exponha nosso nome, logotipo, logomarca entre outros, indevidamente e de forma a causar confus\u00e3o.<\/p><p><strong>Propriedade da informa\u00e7\u00e3o<\/strong><\/p><p>O conte\u00fado do site n\u00e3o pode ser copiado, distribu\u00eddo, publicado, carregado, postado ou transmitido por qualquer outro meio sem o nosso consentimento pr\u00e9vio, a n\u00e3o ser que a finalidade seja apenas a divulga\u00e7\u00e3o.<\/p><p><strong>Hyperlinks<\/strong><\/p><p>Este site pode conter links para outros websites que n\u00e3o s\u00e3o mantidos ou relacionados \u00e0 nossa empresa. N\u00e3o somos respons\u00e1veis pelo conte\u00fado destes links. O usu\u00e1rio assume completamente o risco ao acessar estes hyperlinks.<\/p><p><strong>Coment\u00e1rios<\/strong><\/p><p>Ao postar algum coment\u00e1rio ou depoimento em nosso site voc\u00ea autoriza a publica\u00e7\u00e3o do mesmo em qualquer lugar que desejarmos, a fim de cooperar com a divulga\u00e7\u00e3o de nossos produtos.<\/p><p><strong>Aviso legal<\/strong><\/p><p>A informa\u00e7\u00e3o obtida ao usar este site n\u00e3o \u00e9 completa e n\u00e3o cobre todas as quest\u00f5es, t\u00f3picos ou fatos que possam ser relevantes para seus objetivos. O uso deste site \u00e9 de sua total responsabilidade. O conte\u00fado \u00e9 oferecido como est\u00e1 e sem garantias de qualquer tipo, expressas ou impl\u00edcitas. O conte\u00fado deste site n\u00e3o \u00e9 palavra final sobre qualquer assunto, e podemos fazer melhorias a qualquer momento.<\/p><p>Voc\u00ea, e n\u00e3o a nossa empresa, assume o custo de qualquer servi\u00e7o, reparo ou corre\u00e7\u00e3o necess\u00e1rios no caso de qualquer perda ou dano consequente do uso deste site ou seu conte\u00fado.<\/p><p>Voc\u00ea entende que nossa empresa n\u00e3o pode e n\u00e3o garante que arquivos dispon\u00edveis para download da Internet estejam livres de v\u00edrus, worms, cavalos de Tr\u00f3ia ou outro c\u00f3digo que possa manifestar propriedades contaminadoras ou destrutivas.<\/p><p><strong>Limita\u00e7\u00e3o de responsabilidade<\/strong><\/p><p style=\"cursor: text;\">A EMPRESA, SUAS FILIAIS, AFILIADOS, LICENCIANTES, PROVEDORES DE SERVI\u00c7O, PROVEDORES DE CONTE\u00daDO, EMPREGADOS, AGENTES, ADMINISTRADORES E DIRETORES N\u00c3O SER\u00c3O RESPONS\u00c1VEIS POR QUALQUER DANO EVENTUAL, DIRETO, INDIRETO, PUNITIVO, REAL, CONSEQUENTE, ESPECIAL, EXEMPLAR OU DE QUALQUER OUTRO TIPO, INCLUINDO PERDA DE RECEITA OU RENDA, DOR E SOFRIMENTO, ESTRESSE EMOCIONAL OU SIMILARES MESMO QUE A EMPRESA TENHA ACONSELHADO SOBRE A POSSIBILIDADE DE TAIS DANOS. DE NENHUMA FORMA A RESPONSABILIDADE COLETIVA DA EMPRESA E SUAS FILIAIS, AFILIADOS, LICENCIANTES, PROVEDORES DE SERVI\u00c7O, PROVEDORES DE CONTE\u00daDO, EMPREGADOS, AGENTES, ADMINISTRADORES E DIRETORES EM RELA\u00c7\u00c3O A TERCEIROS (INDEPENDENTE DO TIPO DE A\u00c7\u00c3O, SEJA POR CONTRATO OU QUALQUER OUTRO) EXCEDER\u00c1 A QUANTIA DE R$100 OU O VALOR PAGO \u00c0 EMPRESA POR TAL CONTE\u00daDO, PRODUTO OU SERVI\u00c7O DO QUAL A QUEST\u00c3O TENHA SIDO LEVANTADA.<\/p><p><strong>Indeniza\u00e7\u00e3o<\/strong><\/p><p>Voc\u00ea vai indenizar e isentar a Empresa, suas filiais, afiliados, licenciantes, provedores de servi\u00e7o, provedores de conte\u00fado, empregados, agentes, administradores e diretores (referidas agora como Partes Isentas) de qualquer viola\u00e7\u00e3o desse Termo de Uso por voc\u00ea, incluindo o uso do Conte\u00fado diferente do expresso aqui. Voc\u00ea concorda que as Partes Isentas n\u00e3o t\u00eam responsabilidade ou conex\u00e3o com qualquer viola\u00e7\u00e3o ou uso n\u00e3o autorizado e voc\u00ea concorda em remediar toda e qualquer perda, dano, julgamento, pr\u00eamios, custo, despesas e honor\u00e1rios advogat\u00edcios das Partes Isentas ligadas a viola\u00e7\u00e3o. Voc\u00ea tamb\u00e9m indenizar\u00e1 e isentar\u00e1 as Partes Isentas de qualquer reivindica\u00e7\u00e3o de terceiros resultante do uso da informa\u00e7\u00e3o contida neste site.<\/p><p><strong>Marcas registradas<\/strong><\/p><p>Marcas e logos presentes neste site s\u00e3o propriedade da empresa ou da parte que as disponibilizaram para a empresa. A empresa e as partes que disponibilizaram marca e logo det\u00e9m todos os direitos sobre as mesmas.<\/p><p><strong>Informa\u00e7\u00e3o provida pelo usu\u00e1rio<\/strong><\/p><p>Voc\u00ea n\u00e3o pode publicar enviar, apresentar ou fazer conex\u00e3o a esse site qualquer material que:<\/p><p>voc\u00ea n\u00e3o tenha o direito de postar, incluindo material de propriedade de terceiros defenda atividade ilegal ou discutir a inten\u00e7\u00e3o de fazer algo ilegal; seja vulgar, obsceno, pornogr\u00e1fico ou indecente n\u00e3o diga respeito diretamente a este site; possa amea\u00e7ar ou insultar outros, difamar, caluniar, invadir privacidade, perseguir, ser obsceno, pornogr\u00e1fico, racista, assediar ou ofender; busca explorar ou prejudicar crian\u00e7as expondo-as a conte\u00fado inapropriado, perguntar sobre informa\u00e7\u00f5es pessoais ou qualquer outro do tipo; infrinja qualquer propriedade intelectual ou outro direito de pessoa ou entidade, incluindo viola\u00e7\u00f5es de direitos autorais,marca registrada ou direitos de publicidade; violam qualquer lei ou podem ser considerados para violar a lei; personifique ou deturpar sua conex\u00e3o com qualquer entidade ou pessoa; ou ainda manipula t\u00edtulos ou identificadores para encobrir a origem do conte\u00fado promova qualquer empreendimento comercial (ex: oferecer produtos ou servi\u00e7os em promo\u00e7\u00e3o) ou que engaje de qualquer forma em uma atividade comercial (ex: realizar sorteios ou concursos, expor banners patrocinadores e\/ou solicitar bens e servi\u00e7os) exceto que especificamente autorizado neste site; solicitar fundos, divulga\u00e7\u00f5es ou patrocinadores; inclua programas com v\u00edrus, worms e\/ou Cavalos de Tr\u00f3ia ou qualquer outro c\u00f3digo, arquivo ou programa de computador destinado a interromper, destruir ou limitar a funcionalidade de qualquer software ou hardware de computador ou telecomunica\u00e7\u00f5es; interrompa o fluxo normal da conversa, fa\u00e7a com que a tela \u201crole\u201d mais r\u00e1pido que os os outros usu\u00e1rios conseguem acompanhar ou mesmo agir de modo a afetar a habilidade de outras pessoas de se engajar em atividades em tempo real neste site; inclua arquivos em formato MP3 desobede\u00e7a qualquer pol\u00edtica ou regra estabelecida de tempos em tempos para o uso desse site ou qualquer rede conectada a ele; ou contenha hiperlinks para sites que contenham conte\u00fado que se enquadrem nas descri\u00e7\u00f5es acima.<\/p><p>Mesmo sem a obriga\u00e7\u00e3o de faze-lo, nossa Empresa reserva o direito de monitorar o uso deste site para determinar o cumprimento desse Termo de Uso assim como o de remover ou vetar qualquer informa\u00e7\u00e3o por qualquer raz\u00e3o. De qualquer forma voc\u00ea \u00e9 completamente respons\u00e1vel pelo conte\u00fado de seus envios. Voc\u00ea sabe e concorda que nem a Empresa ou qualquer terceiro provendo conte\u00fado para a Empresa assumir\u00e1 qualquer responsabilidade por nenhuma a\u00e7\u00e3o ou ina\u00e7\u00e3o da Empresa ou referido terceiro a respeito de qualquer envio.<\/p><p><strong>Seguran\u00e7a<\/strong><\/p><p>Toda senha usada para este site \u00e9 somente para uso individual. Voc\u00ea \u00e9 respons\u00e1vel pela seguran\u00e7a de sua senha (se for o caso). A Empresa tem o direito de monitorar a seguran\u00e7a de sua senha e ao seu crit\u00e9rio pode pedir que voc\u00ea a mude. Se voc\u00ea usar qualquer senha que a Empresa considere insegura, a Empresa tem o direito de requisitar que a senha seja modificada e\/ou cancelar a sua conta.<\/p><p>\u00c9 proibido usar qualquer servi\u00e7o ou ferramenta conectada a este site para comprometer a seguran\u00e7a ou mexer com os recursos do sistema e\/ou contas. O uso ou distribui\u00e7\u00e3o de ferramentas destinadas para comprometer a seguran\u00e7a (ex: programas para descobrir senha, ferramentas de crack ou de sondagem da rede) s\u00e3o estritamente proibidos. Se voc\u00ea estiver envolvido em qualquer viola\u00e7\u00e3o da seguran\u00e7a do sistema, a Empresa se reserva o direito de fornecer suas informa\u00e7\u00f5es para os administradores de sistema de outros sites para ajud\u00e1-los a resolver incidentes de seguran\u00e7a. A Empresa se reserva o direito de investigar potenciais viola\u00e7\u00f5es a esse Termo de Uso.<\/p><p>A Empresa se reserva o direito de cooperar totalmente com as autoridades competentes ou pedidos da justi\u00e7a para que a Empresa revele a identidade de qualquer pessoa que publique e-mail, mensagem ou disponibilize qualquer material que possa violar esse Termo de Uso.<\/p><p><strong>AO ACEITAR ESSE ACORDO VOC\u00ca ISENTA A EMPRESA DE QUALQUER CONSEQU\u00caNCIA RESULTANTE DE QUALQUER A\u00c7\u00c3O DA EMPRESA DURANTE OU COMO RESULTADO DE SUAS INVESTIGA\u00c7\u00d5ES E\/OU DE A\u00c7\u00d5ES TOMADAS RESULTANTES DE INVESTIGA\u00c7\u00d5ES TANTO DA EMPRESA QUANTO DAS AUTORIDADES DE JUSTI\u00c7A COMPETENTES.<\/strong><\/p>\t\t\t\t\t\t\t\t<\/div>\n\t\t\t\t<\/div>\n\t\t\t\t\t<\/div>\n\t\t<\/div>\n\t\t\t\t<div class=\"elementor-column elementor-col-16 elementor-top-column elementor-element elementor-element-14f6b39\" data-id=\"14f6b39\" data-element_type=\"column\">\n\t\t\t<div class=\"elementor-widget-wrap\">\n\t\t\t\t\t\t\t<\/div>\n\t\t<\/div>\n\t\t\t\t\t<\/div>\n\t\t<\/section>\n\t\t\t\t<\/div>\n\t\t","protected":false},"excerpt":{"rendered":"<p>Estes termos de servi\u00e7o regulam o uso deste site. Ao acess\u00e1-lo voc\u00ea concorda com estes termos. Por favor, consulte regularmente os nossos termos de servi\u00e7o. Acesso ao site Para acessar o conte\u00fado deste site poder ser solicitado ao usu\u00e1rio algumas informa\u00e7\u00f5es pessoais como nome, e-mail e outros. Se acharmos que as informa\u00e7\u00f5es n\u00e3o s\u00e3o corretas [&hellip;]<\/p>\n","protected":false},"author":1,"featured_media":0,"parent":0,"menu_order":0,"comment_status":"closed","ping_status":"closed","template":"","meta":{"ocean_post_layout":"","ocean_both_sidebars_style":"","ocean_both_sidebars_content_width":0,"ocean_both_sidebars_sidebars_width":0,"ocean_sidebar":"0","ocean_second_sidebar":"0","ocean_disable_margins":"enable","ocean_add_body_class":"","ocean_shortcode_before_top_bar":"","ocean_shortcode_after_top_bar":"","ocean_shortcode_before_header":"","ocean_shortcode_after_header":"","ocean_has_shortcode":"","ocean_shortcode_after_title":"","ocean_shortcode_before_footer_widgets":"","ocean_shortcode_after_footer_widgets":"","ocean_shortcode_before_footer_bottom":"","ocean_shortcode_after_footer_bottom":"","ocean_display_top_bar":"default","ocean_display_header":"default","ocean_header_style":"","ocean_center_header_left_menu":"0","ocean_custom_header_template":"0","ocean_custom_logo":0,"ocean_custom_retina_logo":0,"ocean_custom_logo_max_width":0,"ocean_custom_logo_tablet_max_width":0,"ocean_custom_logo_mobile_max_width":0,"ocean_custom_logo_max_height":0,"ocean_custom_logo_tablet_max_height":0,"ocean_custom_logo_mobile_max_height":0,"ocean_header_custom_menu":"0","ocean_menu_typo_font_family":"0","ocean_menu_typo_font_subset":"","ocean_menu_typo_font_size":0,"ocean_menu_typo_font_size_tablet":0,"ocean_menu_typo_font_size_mobile":0,"ocean_menu_typo_font_size_unit":"px","ocean_menu_typo_font_weight":"","ocean_menu_typo_font_weight_tablet":"","ocean_menu_typo_font_weight_mobile":"","ocean_menu_typo_transform":"","ocean_menu_typo_transform_tablet":"","ocean_menu_typo_transform_mobile":"","ocean_menu_typo_line_height":0,"ocean_menu_typo_line_height_tablet":0,"ocean_menu_typo_line_height_mobile":0,"ocean_menu_typo_line_height_unit":"","ocean_menu_typo_spacing":0,"ocean_menu_typo_spacing_tablet":0,"ocean_menu_typo_spacing_mobile":0,"ocean_menu_typo_spacing_unit":"","ocean_menu_link_color":"","ocean_menu_link_color_hover":"","ocean_menu_link_color_active":"","ocean_menu_link_background":"","ocean_menu_link_hover_background":"","ocean_menu_link_active_background":"","ocean_menu_social_links_bg":"","ocean_menu_social_hover_links_bg":"","ocean_menu_social_links_color":"","ocean_menu_social_hover_links_color":"","ocean_disable_title":"default","ocean_disable_heading":"default","ocean_post_title":"","ocean_post_subheading":"","ocean_post_title_style":"","ocean_post_title_background_color":"","ocean_post_title_background":0,"ocean_post_title_bg_image_position":"","ocean_post_title_bg_image_attachment":"","ocean_post_title_bg_image_repeat":"","ocean_post_title_bg_image_size":"","ocean_post_title_height":0,"ocean_post_title_bg_overlay":0.5,"ocean_post_title_bg_overlay_color":"","ocean_disable_breadcrumbs":"default","ocean_breadcrumbs_color":"","ocean_breadcrumbs_separator_color":"","ocean_breadcrumbs_links_color":"","ocean_breadcrumbs_links_hover_color":"","ocean_display_footer_widgets":"default","ocean_display_footer_bottom":"default","ocean_custom_footer_template":"0","footnotes":""},"class_list":["post-933","page","type-page","status-publish","hentry","entry","owp-thumbs-layout-horizontal","owp-btn-normal","owp-tabs-layout-horizontal","has-no-thumbnails","has-product-nav"],"jetpack_sharing_enabled":true,"_links":{"self":[{"href":"https:\/\/areahp.com.br\/cursos\/wp-json\/wp\/v2\/pages\/933","targetHints":{"allow":["GET"]}}],"collection":[{"href":"https:\/\/areahp.com.br\/cursos\/wp-json\/wp\/v2\/pages"}],"about":[{"href":"https:\/\/areahp.com.br\/cursos\/wp-json\/wp\/v2\/types\/page"}],"author":[{"embeddable":true,"href":"https:\/\/areahp.com.br\/cursos\/wp-json\/wp\/v2\/users\/1"}],"replies":[{"embeddable":true,"href":"https:\/\/areahp.com.br\/cursos\/wp-json\/wp\/v2\/comments?post=933"}],"version-history":[{"count":5,"href":"https:\/\/areahp.com.br\/cursos\/wp-json\/wp\/v2\/pages\/933\/revisions"}],"predecessor-version":[{"id":939,"href":"https:\/\/areahp.com.br\/cursos\/wp-json\/wp\/v2\/pages\/933\/revisions\/939"}],"wp:attachment":[{"href":"https:\/\/areahp.com.br\/cursos\/wp-json\/wp\/v2\/media?parent=933"}],"curies":[{"name":"wp","href":"https:\/\/api.w.org\/{rel}","templated":true}]}}