{"id":1624,"date":"2021-05-07T18:35:21","date_gmt":"2021-05-07T21:35:21","guid":{"rendered":"https:\/\/areahp.com.br\/cursos\/?post_type=product&#038;p=1624"},"modified":"2021-09-01T00:45:12","modified_gmt":"2021-09-01T03:45:12","slug":"jornada-do-excel-interativo-curso-2021","status":"publish","type":"product","link":"https:\/\/areahp.com.br\/cursos\/produto\/jornada-do-excel-interativo-curso-2021\/","title":{"rendered":"Jornada do Excel Interativo &#8211; Curso 2021"},"content":{"rendered":"<table style=\"height: 38px; background-color: #ffffff;\" width=\"100%\">\n<tbody>\n<tr>\n<td style=\"width: 301px; background-color: #f27649;\">\n<h2 style=\"text-align: center;\"><span style=\"color: #000000;\"><strong>IMPORTANTE: Voc\u00ea est\u00e1 a 1 passo para DOMINAR o Excel de forma muito eficiente.<\/strong><\/span><\/h2>\n<\/td>\n<\/tr>\n<\/tbody>\n<\/table>\n<h2><img fetchpriority=\"high\" decoding=\"async\" class=\"alignnone size-full wp-image-1618\" src=\"https:\/\/areahp.com.br\/cursos\/wp-content\/uploads\/2021\/05\/Screenshot_1-1.png\" alt=\"\" width=\"1298\" height=\"747\" srcset=\"https:\/\/areahp.com.br\/cursos\/wp-content\/uploads\/2021\/05\/Screenshot_1-1.png 1298w, https:\/\/areahp.com.br\/cursos\/wp-content\/uploads\/2021\/05\/Screenshot_1-1-300x173.png 300w, https:\/\/areahp.com.br\/cursos\/wp-content\/uploads\/2021\/05\/Screenshot_1-1-1024x589.png 1024w, https:\/\/areahp.com.br\/cursos\/wp-content\/uploads\/2021\/05\/Screenshot_1-1-768x442.png 768w, https:\/\/areahp.com.br\/cursos\/wp-content\/uploads\/2021\/05\/Screenshot_1-1-600x345.png 600w\" sizes=\"(max-width: 1298px) 100vw, 1298px\" \/><\/h2>\n<p>&nbsp;<\/p>\n<h2>\u00a0Neste curso voc\u00ea vai apreender os princ\u00edpios b\u00e1sico e avan\u00e7ados do uso do Excel com produtividade<br \/>\nEste curso foi criado com o intuito de ser um instrumento para voc\u00ea dominar o Excel e tornar-se refer\u00eancia no mercado de trabalho.<\/h2>\n<p>&nbsp;<\/p>\n<h4><del><span class=\"price\">R$497,90 <\/span><\/del><\/h4>\n<h1><span style=\"color: #339966;\"><strong><span class=\"price\">R$297.90<\/span><\/strong><\/span><\/h1>\n<p><!-- [FIM] BOTAO MATRICULA --><\/p>\n<table style=\"height: 233px;\" width=\"100%\">\n<tbody>\n<tr>\n<td style=\"width: 180px;\"><img decoding=\"async\" class=\"\" src=\"https:\/\/areahp.com.br\/cursos\/wp-content\/uploads\/2020\/09\/selo-garantia-7dias.png\" alt=\"\" width=\"228\" height=\"226\" \/><\/td>\n<td>\n<h2>O curso conta com uma garantia de satisfa\u00e7\u00e3o incondicional que d\u00e1 a voc\u00ea 100% do seu investimento de volta, sem questionamentos. Voc\u00ea ter\u00e1 acesso ao treinamento e se nos primeiros 7 dias achar que o treinamento n\u00e3o \u00e9 para voc\u00ea, que o conte\u00fado n\u00e3o \u00e9 simples o bastante ou por qualquer outro motivo, basta pedir o reembolso e devolveremos integralmente seu dinheiro.<\/h2>\n<h2>Sem perguntas e questionamentos. Nesse caso, o risco \u00e9 todo nosso.<\/h2>\n<\/td>\n<\/tr>\n<\/tbody>\n<\/table>\n<p>&nbsp;<\/p>\n<h1 style=\"text-align: center;\">D\u00favidas Frequentes<\/h1>\n<h2>O curso \u00e9 on line ou ao vivo?<\/h2>\n<p>As aulas s\u00e3o gravadas, voc\u00ea receber\u00e1 em nossa \u00e1rea de membros com todo o conte\u00fado em v\u00eddeo.<\/p>\n<h2>Vou aprender online? Quais as vantagens do online?<\/h2>\n<p><strong><span style=\"color: #339966;\">Sim!<\/span> <\/strong>Nossos cursos foram gravados e preparados para que voc\u00ea pratique durante as aulas, fazendo os exerc\u00edcios junto com o professor. \u00c9 muito legal, parece que voc\u00ea est\u00e1 em uma aula particular com o professor conversando com voc\u00ea. Em v\u00e1rios pontos da aula, o professor pede para pausar o v\u00eddeo e tentar fazer os exerc\u00edcios sozinho e, logo em seguida, voc\u00ea pode verificar se acertou ou n\u00e3o. Basta baixar o material e ir fazendo o que o professor pede! Parece que voc\u00ea est\u00e1 realmente com o professor do lado, voc\u00ea fazendo exerc\u00edcio e ele te acompanhando!<br \/>\nO aluno escolhe o hor\u00e1rio que deseja estudar; pode rever a aula quantas vezes quiser dentro do per\u00edodo contratado na plataforma; tem a possibilidade de pausar a aula para realizar alguma outra a\u00e7\u00e3o importante durante o aprendizado; n\u00e3o tem gasto com deslocamento at\u00e9 a institui\u00e7\u00e3o de ensino; assiste as aulas na velocidade que quiser.<\/p>\n<h2>Serve para quem nunca utilizou o Excel?<\/h2>\n<p><span style=\"color: #339966;\"><strong>Sim!<\/strong><\/span> Independente do seu n\u00edvel de conhecimento voc\u00ea poder\u00e1 realizar o curso e ter 100% de aproveitamento.<\/p>\n<h2>Como funciona o suporte ao aluno?<\/h2>\n<p>Durante o seu curso, caso tenha alguma d\u00favida sobre a aula, sobre o material de apoio, ou alguma d\u00favida conceitual, basta enviar sua pergunta DENTRO DA PR\u00d3PRIA AULA. \u00c9 isso mesmo, dentro de cada aula, voc\u00ea vai conseguir enviar sua pergunta e ela cai direto no e-mail do professor, que geralmente responde NO MESMO DIA ou no dia seguinte. Esse suporte \u00e9 um dos nossos diferenciais para voc\u00ea n\u00e3o se sentir sozinho! Voc\u00ea ter\u00e1 um e-mail de suporte direto com o Mateus Moratelli. Al\u00e9m disso aos grupos do Facebook e Telegram.<\/p>\n<h2>O curso oferece algum certificado?<\/h2>\n<p>Sem d\u00favida, ao final do curso voc\u00ea receber\u00e1 um certificado assinado\u00a0 em formato digital e caso queira receber a vers\u00e3o impressa bastar\u00e1 pagar uma pequena taxa para cobrir as despesas de impress\u00e3o e correios. O conceito de reconhecimento virtual \u00e9 concedido atrav\u00e9s de avalia\u00e7\u00e3o on-line feita ao t\u00e9rmino do conte\u00fado onde o aluno \u00e9 submetido a uma avalia\u00e7\u00e3o final. O certificado possui um n\u00famero pessoal e pode ser validado on-line.<\/p>\n<p><img decoding=\"async\" class=\"wp-image-842 size-full aligncenter\" src=\"https:\/\/areahp.com.br\/cursos\/wp-content\/uploads\/2020\/09\/modelo_impressao_certificado.png\" alt=\"Certificado\" width=\"578\" height=\"406\" srcset=\"https:\/\/areahp.com.br\/cursos\/wp-content\/uploads\/2020\/09\/modelo_impressao_certificado.png 578w, https:\/\/areahp.com.br\/cursos\/wp-content\/uploads\/2020\/09\/modelo_impressao_certificado-300x211.png 300w\" sizes=\"(max-width: 578px) 100vw, 578px\" \/><\/p>\n<h2>Quanto tempo eu tempo para acessar o curso?<\/h2>\n<p><strong>Seu acesso \u00e9 por UM ANO<\/strong>, ap\u00f3s a compra voc\u00ea recebe imediatamente todas as aulas em nossa \u00e1rea de membros exclusiva.<\/p>\n<p><!-- [INI] VOC\u00caS EST\u00c1 DIANTE DE UMA OPORTUNIDADE \u00daNICA --><\/p>\n<div id=\"op3-element-ARwGuKX7\" class=\"op3-element \" data-op3-uuid=\"ARwGuKX7\" data-op3-gid=\"\" data-op3-element-type=\"column\" data-op3-element-spec=\"\" data-op3-code-before=\"\" data-op3-code-after=\"\" data-op-visibility-hidden=\"0\" data-op-element-hidden=\"0\" data-op3-style-id=\"\" data-op3-has-children=\"1\">\n<div class=\"op3-column-content op3-background-parent\" data-op-animation-trigger=\"\" data-op-animation-style=\"\" data-op-animation-loop=\"\" data-op-timer-minutes=\"\" data-op-timer-seconds=\"\">\n<div data-op3-element-container=\"\">\n<div data-op3-border=\"\">\n<div data-op3-background=\"base\"><\/div>\n<\/div>\n<\/div>\n<\/div>\n<\/div>\n<div id=\"op3-element-caNE0PfC\" class=\"op3-element \" data-op3-uuid=\"caNE0PfC\" data-op3-gid=\"\" data-op3-element-type=\"column\" data-op3-element-spec=\"\" data-op3-code-before=\"\" data-op3-code-after=\"\" data-op-visibility-hidden=\"0\" data-op-element-hidden=\"0\" data-op3-style-id=\"\" data-op3-has-children=\"1\">\n<div class=\"op3-column-content op3-background-parent\" data-op-animation-trigger=\"\" data-op-animation-style=\"\" data-op-animation-loop=\"\" data-op-timer-minutes=\"\" data-op-timer-seconds=\"\">\n<div data-op3-element-container=\"\">\n<div data-op3-children=\"4\">\n<div id=\"op3-element-2CyjjduF\" class=\"op3-element \" data-op3-uuid=\"2CyjjduF\" data-op3-gid=\"\" data-op3-element-type=\"bulletblock\" data-op3-element-spec=\"\" data-op3-code-before=\"\" data-op3-code-after=\"\" data-op-visibility-hidden=\"0\" data-op-element-hidden=\"0\" data-op3-style-id=\"\" data-op3-has-children=\"1\">\n<div data-op3-icon=\"\" data-op-animation-trigger=\"\" data-op-animation-style=\"\" data-op-animation-loop=\"\" data-op-timer-minutes=\"\" data-op-timer-seconds=\"\">\n<div data-op3-children=\"4\">\n<div id=\"op3-element-b9nqIq5B\" class=\"op3-element \" data-op3-uuid=\"b9nqIq5B\" data-op3-gid=\"\" data-op3-element-type=\"bulletlist\" data-op3-element-spec=\"\" data-op3-code-before=\"\" data-op3-code-after=\"\" data-op-visibility-hidden=\"0\" data-op-element-hidden=\"0\" data-op3-style-id=\"\" data-op3-has-children=\"0\">\n<p>&nbsp;<\/p>\n<\/div>\n<\/div>\n<\/div>\n<\/div>\n<\/div>\n<\/div>\n<\/div>\n<\/div>\n<table style=\"height: 97px; margin-left: auto; margin-right: auto;\" width=\"100%\">\n<tbody>\n<tr>\n<td style=\"width: 471px; background-color: #2222;\">\n<h1 style=\"text-align: center;\">\u00a0Voc\u00ea est\u00e1 diante de uma oportunidade \u00fanica<\/h1>\n<p>Eu espero verdadeiramente que voc\u00ea n\u00e3o deixe passar mais esta oportunidade de dar um novo rumo para sua vida e sua carreira.<\/td>\n<\/tr>\n<\/tbody>\n<\/table>\n<p><!-- [INI] EMENTA --><\/p>\n<table style=\"height: 38px; background-color: #ffffff;\" width=\"100%\">\n<tbody>\n<tr>\n<td style=\"width: 301px; background-color: #f27649; text-align: center;\">\n<h1><span style=\"color: #000000;\"><strong>+130 Aulas<\/strong><\/span><\/h1>\n<\/td>\n<\/tr>\n<\/tbody>\n<\/table>\n<h1><\/h1>\n","protected":false},"excerpt":{"rendered":"<p>IMPORTANTE: Voc\u00ea est\u00e1 a 1 passo para DOMINAR o Excel de forma muito eficiente. &nbsp; \u00a0Neste curso voc\u00ea vai apreender os princ\u00edpios b\u00e1sico e avan\u00e7ados do uso do Excel com produtividade Este curso foi criado com o intuito de ser um instrumento para voc\u00ea dominar o Excel e tornar-se refer\u00eancia no mercado de trabalho. &nbsp; [&hellip;]<\/p>\n","protected":false},"featured_media":1618,"comment_status":"closed","ping_status":"closed","template":"","meta":{"ocean_post_layout":"","ocean_both_sidebars_style":"","ocean_both_sidebars_content_width":0,"ocean_both_sidebars_sidebars_width":0,"ocean_sidebar":"","ocean_second_sidebar":"","ocean_disable_margins":"enable","ocean_add_body_class":"","ocean_shortcode_before_top_bar":"","ocean_shortcode_after_top_bar":"","ocean_shortcode_before_header":"","ocean_shortcode_after_header":"","ocean_has_shortcode":"","ocean_shortcode_after_title":"","ocean_shortcode_before_footer_widgets":"","ocean_shortcode_after_footer_widgets":"","ocean_shortcode_before_footer_bottom":"","ocean_shortcode_after_footer_bottom":"","ocean_display_top_bar":"default","ocean_display_header":"default","ocean_header_style":"","ocean_center_header_left_menu":"","ocean_custom_header_template":"","ocean_custom_logo":0,"ocean_custom_retina_logo":0,"ocean_custom_logo_max_width":0,"ocean_custom_logo_tablet_max_width":0,"ocean_custom_logo_mobile_max_width":0,"ocean_custom_logo_max_height":0,"ocean_custom_logo_tablet_max_height":0,"ocean_custom_logo_mobile_max_height":0,"ocean_header_custom_menu":"","ocean_menu_typo_font_family":"","ocean_menu_typo_font_subset":"","ocean_menu_typo_font_size":0,"ocean_menu_typo_font_size_tablet":0,"ocean_menu_typo_font_size_mobile":0,"ocean_menu_typo_font_size_unit":"px","ocean_menu_typo_font_weight":"","ocean_menu_typo_font_weight_tablet":"","ocean_menu_typo_font_weight_mobile":"","ocean_menu_typo_transform":"","ocean_menu_typo_transform_tablet":"","ocean_menu_typo_transform_mobile":"","ocean_menu_typo_line_height":0,"ocean_menu_typo_line_height_tablet":0,"ocean_menu_typo_line_height_mobile":0,"ocean_menu_typo_line_height_unit":"","ocean_menu_typo_spacing":0,"ocean_menu_typo_spacing_tablet":0,"ocean_menu_typo_spacing_mobile":0,"ocean_menu_typo_spacing_unit":"","ocean_menu_link_color":"","ocean_menu_link_color_hover":"","ocean_menu_link_color_active":"","ocean_menu_link_background":"","ocean_menu_link_hover_background":"","ocean_menu_link_active_background":"","ocean_menu_social_links_bg":"","ocean_menu_social_hover_links_bg":"","ocean_menu_social_links_color":"","ocean_menu_social_hover_links_color":"","ocean_disable_title":"default","ocean_disable_heading":"default","ocean_post_title":"","ocean_post_subheading":"","ocean_post_title_style":"","ocean_post_title_background_color":"","ocean_post_title_background":0,"ocean_post_title_bg_image_position":"","ocean_post_title_bg_image_attachment":"","ocean_post_title_bg_image_repeat":"","ocean_post_title_bg_image_size":"","ocean_post_title_height":0,"ocean_post_title_bg_overlay":0.5,"ocean_post_title_bg_overlay_color":"","ocean_disable_breadcrumbs":"default","ocean_breadcrumbs_color":"","ocean_breadcrumbs_separator_color":"","ocean_breadcrumbs_links_color":"","ocean_breadcrumbs_links_hover_color":"","ocean_display_footer_widgets":"default","ocean_display_footer_bottom":"default","ocean_custom_footer_template":""},"product_brand":[],"product_cat":[15],"product_tag":[],"class_list":{"0":"post-1624","1":"product","2":"type-product","3":"status-publish","4":"has-post-thumbnail","6":"product_cat-sem-categoria","7":"post","9":"entry","10":"has-media","12":"first","13":"instock","14":"virtual","15":"sold-individually","16":"purchasable","17":"product-type-simple","18":"has-product-nav","19":"col","20":"span_1_of_4","21":"owp-content-center","22":"owp-thumbs-layout-horizontal","23":"owp-btn-normal","24":"owp-tabs-layout-horizontal","25":"has-no-thumbnails"},"jetpack_sharing_enabled":true,"_links":{"self":[{"href":"https:\/\/areahp.com.br\/cursos\/wp-json\/wp\/v2\/product\/1624","targetHints":{"allow":["GET"]}}],"collection":[{"href":"https:\/\/areahp.com.br\/cursos\/wp-json\/wp\/v2\/product"}],"about":[{"href":"https:\/\/areahp.com.br\/cursos\/wp-json\/wp\/v2\/types\/product"}],"replies":[{"embeddable":true,"href":"https:\/\/areahp.com.br\/cursos\/wp-json\/wp\/v2\/comments?post=1624"}],"wp:featuredmedia":[{"embeddable":true,"href":"https:\/\/areahp.com.br\/cursos\/wp-json\/wp\/v2\/media\/1618"}],"wp:attachment":[{"href":"https:\/\/areahp.com.br\/cursos\/wp-json\/wp\/v2\/media?parent=1624"}],"wp:term":[{"taxonomy":"product_brand","embeddable":true,"href":"https:\/\/areahp.com.br\/cursos\/wp-json\/wp\/v2\/product_brand?post=1624"},{"taxonomy":"product_cat","embeddable":true,"href":"https:\/\/areahp.com.br\/cursos\/wp-json\/wp\/v2\/product_cat?post=1624"},{"taxonomy":"product_tag","embeddable":true,"href":"https:\/\/areahp.com.br\/cursos\/wp-json\/wp\/v2\/product_tag?post=1624"}],"curies":[{"name":"wp","href":"https:\/\/api.w.org\/{rel}","templated":true}]}}